{"id":7236,"date":"2019-08-23T07:55:55","date_gmt":"2019-08-23T07:55:55","guid":{"rendered":"https:\/\/alihlas.com\/newsite\/product\/multeci-cadirlari-ac0095\/"},"modified":"2019-09-05T10:34:05","modified_gmt":"2019-09-05T10:34:05","slug":"multeci-cadirlari-ac0095","status":"publish","type":"product","link":"https:\/\/alihlas.com\/tr\/product\/multeci-cadirlari-ac0095\/","title":{"rendered":"M\u00fclteci \u00c7ad\u0131rlar\u0131 &#8211; AC0095"},"content":{"rendered":"","protected":false},"excerpt":{"rendered":"","protected":false},"featured_media":5462,"comment_status":"closed","ping_status":"closed","template":"","meta":[],"product_brand":[],"product_cat":[174,175],"product_tag":[],"class_list":{"0":"post-7236","1":"product","2":"type-product","3":"status-publish","4":"has-post-thumbnail","6":"product_cat-insani-yardim-kuruluslari-ve-dernekler-tr","7":"product_cat-multeci-cadirlari-tr","9":"first","10":"instock","11":"shipping-taxable","12":"product-type-simple"},"_links":{"self":[{"href":"https:\/\/alihlas.com\/tr\/wp-json\/wp\/v2\/product\/7236","targetHints":{"allow":["GET"]}}],"collection":[{"href":"https:\/\/alihlas.com\/tr\/wp-json\/wp\/v2\/product"}],"about":[{"href":"https:\/\/alihlas.com\/tr\/wp-json\/wp\/v2\/types\/product"}],"replies":[{"embeddable":true,"href":"https:\/\/alihlas.com\/tr\/wp-json\/wp\/v2\/comments?post=7236"}],"wp:featuredmedia":[{"embeddable":true,"href":"https:\/\/alihlas.com\/tr\/wp-json\/wp\/v2\/media\/5462"}],"wp:attachment":[{"href":"https:\/\/alihlas.com\/tr\/wp-json\/wp\/v2\/media?parent=7236"}],"wp:term":[{"taxonomy":"product_brand","embeddable":true,"href":"https:\/\/alihlas.com\/tr\/wp-json\/wp\/v2\/product_brand?post=7236"},{"taxonomy":"product_cat","embeddable":true,"href":"https:\/\/alihlas.com\/tr\/wp-json\/wp\/v2\/product_cat?post=7236"},{"taxonomy":"product_tag","embeddable":true,"href":"https:\/\/alihlas.com\/tr\/wp-json\/wp\/v2\/product_tag?post=7236"}],"curies":[{"name":"wp","href":"https:\/\/api.w.org\/{rel}","templated":true}]}}