{"id":7315,"date":"2019-08-31T19:59:42","date_gmt":"2019-08-31T19:59:42","guid":{"rendered":"https:\/\/alihlas.com\/newsite\/product\/sivi-dolum-ketcap-mayonez\/"},"modified":"2019-09-25T07:42:30","modified_gmt":"2019-09-25T07:42:30","slug":"sivi-dolum-ketcap-mayonez","status":"publish","type":"product","link":"https:\/\/alihlas.com\/tr\/product\/sivi-dolum-ketcap-mayonez\/","title":{"rendered":"S\u0131v\u0131 Dolum (Ket\u00e7ap, Mayonez)"},"content":{"rendered":"","protected":false},"excerpt":{"rendered":"<p>Detayl\u0131 Bilgi<\/p>\n<p>\u00dc\u00e7 kenar\u0131ndan yap\u0131\u015ft\u0131r\u0131lm\u0131\u015f stick tip paketlere ket\u00e7ap, mayonez, bal, re\u00e7el, zeytinya\u011f\u0131 gibi g\u0131da \u00fcr\u00fcnleri; \u015fampuan, s\u0131v\u0131 sabun gibi tek kullan\u0131ml\u0131k kozmetik \u00fcr\u00fcnlerinin el de\u011fmeden paketlenmesi i\u00e7in dizayn edilmi\u015f tam otomatik paketleme makinas\u0131d\u0131r. S\u0131v\u0131 stick dolum makinesi ile : Ket\u00e7ap, mayonez, bal, re\u00e7el, s\u0131v\u0131 \u00fcr\u00fcnler, meybuz, s\u0131v\u0131 sabun, \u015fampuan, krem gibi s\u0131v\u0131 ve yar\u0131 s\u0131v\u0131 (jel) \u00fcr\u00fcnler hassas s\u0131v\u0131 pompalar\u0131 ile paketlenir.<\/p>\n<p>Paketin kolay a\u00e7\u0131labilmesi i\u00e7in kolay a\u00e7ma \u00e7entik \u00fcnitesi ( easy open tear notch ) makineye ilave edilebilir. Kolay a\u00e7ma \u00e7entik m\u00fc\u015fteri iste\u011fine g\u00f6re ilave edilip, opsiyoneldir. 3 kanall\u0131 ve 5 kanall\u0131 makinelerimiz ile 150 adet\/dak h\u0131z\u0131nda paketleme yap\u0131labilir.<\/p>\n<table>\n<tbody>\n<tr>\n<td colspan=\"2\" width=\"337\">TEKN\u0130K DETAYLAR<\/td>\n<\/tr>\n<tr>\n<td width=\"121\">Gramaj Aral\u0131\u011f\u0131:<\/p>\n<p>&nbsp;<\/td>\n<td width=\"216\">1-50 ml (Ayarlanabilir)<\/p>\n<p>&nbsp;<\/td>\n<\/tr>\n<tr>\n<td width=\"121\">Po\u015fet Geni\u015fli\u011fi:<\/td>\n<td width=\"216\">20-50 mm (Ayarlanabilir)<\/td>\n<\/tr>\n<tr>\n<td width=\"121\">Po\u015fet Boyu:<\/p>\n<p>&nbsp;<\/td>\n<td width=\"216\">Maks 170 mm (Ekrandan ayarlanabilir)<\/td>\n<\/tr>\n<tr>\n<td width=\"121\">Dolum Sistemi:<\/td>\n<td width=\"216\">S\u0131v\u0131 Dolum Sistemi<\/td>\n<\/tr>\n<tr>\n<td colspan=\"2\" width=\"337\">\u00a0\u00a0\u00a0\u00a0\u00a0\u00a0\u00a0\u00a0\u00a0\u00a0\u00a0\u00a0\u00a0\u00a0\u00a0\u00a0\u00a0\u00a0\u00a0\u00a0\u00a0\u00a0\u00a0\u00a0 \u00a0\u00a0\u00a0\u00a0\u00a0\u00a03 Kanall\u0131\u00a0\u00a0\u00a0\u00a0\u00a0\u00a0\u00a0\u00a0\u00a0 \u00a06 Kanall\u0131<\/td>\n<\/tr>\n<tr>\n<td width=\"121\">H\u0131z*:<\/td>\n<td width=\"216\">90-120 stick\/dak \u00a0\u00a0\u00a0\u00a0\u00a0\u00a0180-240 stick\/dak<\/td>\n<\/tr>\n<tr>\n<td width=\"121\">\u00dcr\u00fcnler:<\/p>\n<p>&nbsp;<\/td>\n<td width=\"216\">Ket\u00e7ap, mayonez, bal, re\u00e7el, s\u0131v\u0131 \u00fcr\u00fcnler, meybuz, s\u0131v\u0131 sabun, \u015fampuan, krem gibi s\u0131v\u0131 ve yar\u0131 s\u0131v\u0131 (jel) \u00fcr\u00fcnler ve \u015fampuan s\u0131v\u0131 sabun gibi kozmetik \u00fcr\u00fcnleri.<\/td>\n<\/tr>\n<\/tbody>\n<\/table>\n","protected":false},"featured_media":6513,"comment_status":"closed","ping_status":"closed","template":"","meta":[],"product_brand":[],"product_cat":[180,178,179],"product_tag":[],"class_list":{"0":"post-7315","1":"product","2":"type-product","3":"status-publish","4":"has-post-thumbnail","6":"product_cat-fabrika-melzemeleri-ve-makinalar-tr","7":"product_cat-paketleme-makineleri-tr","8":"product_cat-stick-paketleme-makineleri-tr","10":"first","11":"instock","12":"shipping-taxable","13":"product-type-simple"},"_links":{"self":[{"href":"https:\/\/alihlas.com\/tr\/wp-json\/wp\/v2\/product\/7315","targetHints":{"allow":["GET"]}}],"collection":[{"href":"https:\/\/alihlas.com\/tr\/wp-json\/wp\/v2\/product"}],"about":[{"href":"https:\/\/alihlas.com\/tr\/wp-json\/wp\/v2\/types\/product"}],"replies":[{"embeddable":true,"href":"https:\/\/alihlas.com\/tr\/wp-json\/wp\/v2\/comments?post=7315"}],"wp:featuredmedia":[{"embeddable":true,"href":"https:\/\/alihlas.com\/tr\/wp-json\/wp\/v2\/media\/6513"}],"wp:attachment":[{"href":"https:\/\/alihlas.com\/tr\/wp-json\/wp\/v2\/media?parent=7315"}],"wp:term":[{"taxonomy":"product_brand","embeddable":true,"href":"https:\/\/alihlas.com\/tr\/wp-json\/wp\/v2\/product_brand?post=7315"},{"taxonomy":"product_cat","embeddable":true,"href":"https:\/\/alihlas.com\/tr\/wp-json\/wp\/v2\/product_cat?post=7315"},{"taxonomy":"product_tag","embeddable":true,"href":"https:\/\/alihlas.com\/tr\/wp-json\/wp\/v2\/product_tag?post=7315"}],"curies":[{"name":"wp","href":"https:\/\/api.w.org\/{rel}","templated":true}]}}