{"id":7316,"date":"2019-08-31T19:54:38","date_gmt":"2019-08-31T19:54:38","guid":{"rendered":"https:\/\/alihlas.com\/newsite\/product\/toz-dolum-kahve-krema\/"},"modified":"2019-09-25T07:41:05","modified_gmt":"2019-09-25T07:41:05","slug":"toz-dolum-kahve-krema","status":"publish","type":"product","link":"https:\/\/alihlas.com\/tr\/product\/toz-dolum-kahve-krema\/","title":{"rendered":"Toz Dolum (Kahve, Krema)"},"content":{"rendered":"","protected":false},"excerpt":{"rendered":"<p class=\"s17\"><span class=\"s16\">Detayl\u0131 Bilgi<\/span><\/p>\n<p class=\"s17\"><span class=\"s18\">\u00dc\u00e7 kenar\u0131ndan yap\u0131\u015ft\u0131r\u0131lm\u0131\u015f tek kullan\u0131ml\u0131k stick tip paketlere, kahve, kahve kremas\u0131, enerji i\u00e7ece\u011fi, medikal tozlar gibi kendili\u011finden ak\u0131c\u0131l\u0131\u011f\u0131 olmayan tek kullan\u0131ml\u0131k \u00fcr\u00fcnleri vidalar arac\u0131l\u0131\u011f\u0131 ile el de\u011fmeden paketlemek i\u00e7in dizayn edilmi\u015f tam otomatik bir paketleme dolum makinas\u0131d\u0131r. Bu stick dolum makinesi ile ak\u0131\u015fkan olmayan toz \u00fcr\u00fcnler PLC ile senkronize \u00e7al\u0131\u015fan vidalar arac\u0131l\u0131\u011f\u0131 ile y\u00fcksek hassasiyet d\u00fczeyinde paketlenebilir. Dolum vida ad\u0131mlar\u0131 arac\u0131l\u0131\u011f\u0131 ile sa\u011flan\u0131r. 3 kanall\u0131, 5 kanall\u0131 ve 10 kanall\u0131 makinelerimiz ile 300 adet\/dak h\u0131z\u0131nda \u00fcretim yap\u0131labilir.<\/span><\/p>\n<table>\n<tbody>\n<tr>\n<td colspan=\"2\" width=\"337\">TEKN\u0130K DETAYLAR<\/td>\n<\/tr>\n<tr>\n<td width=\"121\">Gramaj Aral\u0131\u011f\u0131:<\/p>\n<p>&nbsp;<\/td>\n<td width=\"216\">1-20 gr (Ayarlanabilir)<\/p>\n<p>&nbsp;<\/td>\n<\/tr>\n<tr>\n<td width=\"121\">Po\u015fet Geni\u015fli\u011fi:<\/td>\n<td width=\"216\">20-50 mm (Ayarlanabilir)<\/td>\n<\/tr>\n<tr>\n<td width=\"121\">Po\u015fet Boyu:<\/p>\n<p>&nbsp;<\/td>\n<td width=\"216\">Maks 170 mm (Ekrandan ayarlanabilir)<\/td>\n<\/tr>\n<tr>\n<td width=\"121\">Dolum Sistemi:<\/td>\n<td width=\"216\">Vidal\u0131 Dolum<\/td>\n<\/tr>\n<tr>\n<td colspan=\"2\" width=\"337\">\u00a0\u00a0\u00a0\u00a0\u00a0\u00a0\u00a0\u00a0\u00a0\u00a0\u00a0\u00a0\u00a0\u00a0\u00a0\u00a0\u00a0\u00a0\u00a0\u00a0\u00a0\u00a0\u00a0\u00a0 \u00a0\u00a0\u00a0\u00a0\u00a0\u00a03 Kanall\u0131\u00a0\u00a0\u00a0\u00a0\u00a0\u00a0\u00a0\u00a0\u00a0 \u00a06 Kanall\u0131<\/td>\n<\/tr>\n<tr>\n<td width=\"121\">H\u0131z*:<\/td>\n<td width=\"216\">90 adet\/dak \u00a0\u00a0\u00a0\u00a0\u00a0\u00a0180 adet\/dak<\/td>\n<\/tr>\n<tr>\n<td width=\"121\">\u00dcr\u00fcnler:<\/p>\n<p>&nbsp;<\/td>\n<td width=\"216\">Kahve, nescafe, \u00fc\u00e7\u00fc bir arada kahve, haz\u0131r kahve, krema, enerji i\u00e7ece\u011fi, protein tozu vb. ak\u0131\u015fkan olmayan tozlu \u00fcr\u00fcnler<\/td>\n<\/tr>\n<\/tbody>\n<\/table>\n<p>&nbsp;<\/p>\n","protected":false},"featured_media":6503,"comment_status":"closed","ping_status":"closed","template":"","meta":[],"product_brand":[],"product_cat":[180,178,179],"product_tag":[],"class_list":{"0":"post-7316","1":"product","2":"type-product","3":"status-publish","4":"has-post-thumbnail","6":"product_cat-fabrika-melzemeleri-ve-makinalar-tr","7":"product_cat-paketleme-makineleri-tr","8":"product_cat-stick-paketleme-makineleri-tr","10":"first","11":"instock","12":"shipping-taxable","13":"product-type-simple"},"_links":{"self":[{"href":"https:\/\/alihlas.com\/tr\/wp-json\/wp\/v2\/product\/7316","targetHints":{"allow":["GET"]}}],"collection":[{"href":"https:\/\/alihlas.com\/tr\/wp-json\/wp\/v2\/product"}],"about":[{"href":"https:\/\/alihlas.com\/tr\/wp-json\/wp\/v2\/types\/product"}],"replies":[{"embeddable":true,"href":"https:\/\/alihlas.com\/tr\/wp-json\/wp\/v2\/comments?post=7316"}],"wp:featuredmedia":[{"embeddable":true,"href":"https:\/\/alihlas.com\/tr\/wp-json\/wp\/v2\/media\/6503"}],"wp:attachment":[{"href":"https:\/\/alihlas.com\/tr\/wp-json\/wp\/v2\/media?parent=7316"}],"wp:term":[{"taxonomy":"product_brand","embeddable":true,"href":"https:\/\/alihlas.com\/tr\/wp-json\/wp\/v2\/product_brand?post=7316"},{"taxonomy":"product_cat","embeddable":true,"href":"https:\/\/alihlas.com\/tr\/wp-json\/wp\/v2\/product_cat?post=7316"},{"taxonomy":"product_tag","embeddable":true,"href":"https:\/\/alihlas.com\/tr\/wp-json\/wp\/v2\/product_tag?post=7316"}],"curies":[{"name":"wp","href":"https:\/\/api.w.org\/{rel}","templated":true}]}}