{"id":7319,"date":"2019-08-31T19:32:49","date_gmt":"2019-08-31T19:32:49","guid":{"rendered":"https:\/\/alihlas.com\/newsite\/product\/seker-tuz-karabiber-paketleme\/"},"modified":"2019-09-25T07:36:05","modified_gmt":"2019-09-25T07:36:05","slug":"seker-tuz-karabiber-paketleme","status":"publish","type":"product","link":"https:\/\/alihlas.com\/tr\/product\/seker-tuz-karabiber-paketleme\/","title":{"rendered":"\u015eeker, Tuz, Karabiber Paketleme"},"content":{"rendered":"","protected":false},"excerpt":{"rendered":"<p>Detayl\u0131 Bilgi<\/p>\n<p>D\u00f6rt kenar\u0131ndan yap\u0131\u015ft\u0131r\u0131lm\u0131\u015f sachet tip paket haz\u0131rlamak ve bu paketlere, \u015feker, tuz, baharat gibi ak\u0131\u015fkan gran\u00fcll\u00fc \u00fcr\u00fcnleri el de\u011fmeden doldurmak i\u00e7in dizayn edilmi\u015f tam otomatik paketleme makinas\u0131d\u0131r. Bu model dolum makinesi ile toz \u015feker, \u00fc\u00e7\u00fc bir arada kahve, tuz, karabiber, enerji i\u00e7ece\u011fi ve benzeri taneli gran\u00fcller gibi kendinden ak\u0131\u015fkanl\u0131\u011f\u0131 olan \u00fcr\u00fcnler, hassas vol\u00fcmetrik kaplar arac\u0131l\u0131\u011f\u0131 ile paketlenebilir. 2 kanall\u0131 ve 4 kanall\u0131 makineler ile 120 adet\/dak h\u0131z\u0131nda dolum yap\u0131labilir.<\/p>\n<table>\n<tbody>\n<tr>\n<td colspan=\"2\" width=\"337\">TEKN\u0130K DETAYLAR<\/td>\n<\/tr>\n<tr>\n<td width=\"121\">Gramaj Aral\u0131\u011f\u0131:<\/p>\n<p>&nbsp;<\/td>\n<td width=\"216\">1-10 gr (Ayarlanabilir)<\/p>\n<p>&nbsp;<\/td>\n<\/tr>\n<tr>\n<td width=\"121\">Paket Geni\u015fli\u011fi:<\/td>\n<td width=\"216\">20-50 mm (Ayarlanabilir)<\/td>\n<\/tr>\n<tr>\n<td width=\"121\">Paket Boyu:<\/p>\n<p>&nbsp;<\/td>\n<td width=\"216\">Maks 170 mm (ayarlanabilir)<\/td>\n<\/tr>\n<tr>\n<td width=\"121\">Dolum Sistemi:<\/td>\n<td width=\"216\">Vol\u00fcmetrik hacimsel kaplar<\/td>\n<\/tr>\n<tr>\n<td colspan=\"2\" width=\"337\">\u00a0\u00a0\u00a0\u00a0\u00a0\u00a0\u00a0\u00a0\u00a0\u00a0\u00a0\u00a0\u00a0\u00a0\u00a0\u00a0\u00a0\u00a0\u00a0\u00a0\u00a0\u00a0\u00a0\u00a0 \u00a0\u00a0\u00a0\u00a0\u00a0\u00a02 Kanall\u0131\u00a0\u00a0\u00a0\u00a0\u00a0\u00a0\u00a0\u00a0\u00a0 \u00a04 Kanall\u0131<\/td>\n<\/tr>\n<tr>\n<td width=\"121\">H\u0131z*:<\/td>\n<td width=\"216\">80 paket\/dak \u00a0\u00a0\u00a0\u00a0\u00a0\u00a0160 paket\/dak<\/td>\n<\/tr>\n<tr>\n<td width=\"121\">\u00dcr\u00fcnler:<\/p>\n<p>&nbsp;<\/td>\n<td width=\"216\">\u015eeker, tuz, karabiber vb. taneli \u00fcr\u00fcnler<\/td>\n<\/tr>\n<\/tbody>\n<\/table>\n<p>&nbsp;<\/p>\n","protected":false},"featured_media":6470,"comment_status":"closed","ping_status":"closed","template":"","meta":[],"product_brand":[],"product_cat":[180,181,178],"product_tag":[],"class_list":{"0":"post-7319","1":"product","2":"type-product","3":"status-publish","4":"has-post-thumbnail","6":"product_cat-fabrika-melzemeleri-ve-makinalar-tr","7":"product_cat-kare-paket-makineleri-tr","8":"product_cat-paketleme-makineleri-tr","10":"first","11":"instock","12":"shipping-taxable","13":"product-type-simple"},"_links":{"self":[{"href":"https:\/\/alihlas.com\/tr\/wp-json\/wp\/v2\/product\/7319","targetHints":{"allow":["GET"]}}],"collection":[{"href":"https:\/\/alihlas.com\/tr\/wp-json\/wp\/v2\/product"}],"about":[{"href":"https:\/\/alihlas.com\/tr\/wp-json\/wp\/v2\/types\/product"}],"replies":[{"embeddable":true,"href":"https:\/\/alihlas.com\/tr\/wp-json\/wp\/v2\/comments?post=7319"}],"wp:featuredmedia":[{"embeddable":true,"href":"https:\/\/alihlas.com\/tr\/wp-json\/wp\/v2\/media\/6470"}],"wp:attachment":[{"href":"https:\/\/alihlas.com\/tr\/wp-json\/wp\/v2\/media?parent=7319"}],"wp:term":[{"taxonomy":"product_brand","embeddable":true,"href":"https:\/\/alihlas.com\/tr\/wp-json\/wp\/v2\/product_brand?post=7319"},{"taxonomy":"product_cat","embeddable":true,"href":"https:\/\/alihlas.com\/tr\/wp-json\/wp\/v2\/product_cat?post=7319"},{"taxonomy":"product_tag","embeddable":true,"href":"https:\/\/alihlas.com\/tr\/wp-json\/wp\/v2\/product_tag?post=7319"}],"curies":[{"name":"wp","href":"https:\/\/api.w.org\/{rel}","templated":true}]}}