{"id":7320,"date":"2019-08-31T19:26:30","date_gmt":"2019-08-31T19:26:30","guid":{"rendered":"https:\/\/alihlas.com\/newsite\/product\/dikey-sivi-dolum-makinesi\/"},"modified":"2019-09-25T07:34:37","modified_gmt":"2019-09-25T07:34:37","slug":"dikey-sivi-dolum-makinesi","status":"publish","type":"product","link":"https:\/\/alihlas.com\/tr\/product\/dikey-sivi-dolum-makinesi\/","title":{"rendered":"Dikey S\u0131v\u0131 Dolum Makinesi"},"content":{"rendered":"","protected":false},"excerpt":{"rendered":"<p>Detayl\u0131 Bilgi<\/p>\n<p>TP L-101 s\u0131v\u0131 dolum makinesi s\u00fct, su, meyve suyu, s\u0131v\u0131 margarin, jel gibi s\u0131v\u0131 ya da yar\u0131 s\u0131v\u0131 \u00fcr\u00fcnlerin kiloluk paketlere doldurulmas\u0131 i\u00e7in uygundur. Dolum servo motor kontroll\u00fc FESTO pn\u00f6matik pompalar arac\u0131l\u0131\u011f\u0131 ile sa\u011flan\u0131r. Y\u00fcksek dolum hassasiyetine sahipitir. Makinenin \u00fcr\u00fcn gramj\u0131, paket \u00f6l\u00e7\u00fcleri de dahil olmak \u00fczere t\u00fcm ayarlar SIEMENS PLC panelden yap\u0131lmaktad\u0131r. Kullan\u0131c\u0131 dostu aray\u00fcz\u00fc ile son derece pratik ve kullanmas\u0131 kolayd\u0131r. Makine %100 paslanmaz \u00e7elikten imal edilir.<\/p>\n<p>Makinenin h\u0131z\u0131 \u00fcr\u00fcn\u00fcn gramaj\u0131na ve ambalaj kalitesine ba\u011fl\u0131 olmakla birlikte, 30-40 paket aras\u0131ndad\u0131r. Ayn\u0131 makinede ekstra yaka boru sistemi sayesinde farkl\u0131 geni\u015fliklerde paket almak m\u00fcmk\u00fcnd\u00fcr. Makine g\u0131da dolumuna uygundur. \u00dcr\u00fcne temas eden k\u0131s\u0131mlar 316 paslanmaz \u00e7elikten imal edilmektedir. So\u011fuk \u00fcr\u00fcn dolumu yapabildi\u011fi gibi s\u0131cak \u00fcr\u00fcnlerin dolumu da bu makinede yap\u0131labilmektedir. Hazne \u00fcr\u00fcn\u00fc \u0131s\u0131tmak i\u00e7in \u00e7ift cidarl\u0131 yap\u0131labilir. Tamamen esnek bir makine olup, m\u00fc\u015fterinin talepleri do\u011frultusunda istenildi\u011fi gibi modifiye edilebilir.<\/p>\n<table>\n<tbody>\n<tr>\n<td colspan=\"2\" width=\"341\">TEKN\u0130K DETAYLAR<\/td>\n<\/tr>\n<tr>\n<td width=\"123\">Kanal Say\u0131s\u0131:<\/td>\n<td width=\"218\">Tek kanal<\/td>\n<\/tr>\n<tr>\n<td width=\"123\">Gramaj Aral\u0131\u011f\u0131:<\/td>\n<td width=\"218\">20 \u2013 5000 ml<\/td>\n<\/tr>\n<tr>\n<td width=\"123\">Paket Geni\u015fli\u011fi:<\/td>\n<td width=\"218\">60-250 mm (Ayarlanabilir)<\/td>\n<\/tr>\n<tr>\n<td width=\"123\">Paket Boyu:<\/p>\n<p>&nbsp;<\/td>\n<td width=\"218\">Max 350 mm (Ayarlanabilir)<\/td>\n<\/tr>\n<tr>\n<td width=\"123\">Kapasite:<\/td>\n<td width=\"218\">30-40 paket\/dak*<\/td>\n<\/tr>\n<tr>\n<td width=\"123\">Dolum Sistemi:<\/td>\n<td width=\"218\">Servo Motor Destekli FESTO Pompa<\/td>\n<\/tr>\n<tr>\n<td width=\"123\">Kontrol Sistem:<\/td>\n<td width=\"218\">SIEMENS PLC<\/td>\n<\/tr>\n<tr>\n<td width=\"123\">Paket Format\u0131:<\/td>\n<td width=\"218\">3 K\u00f6\u015fe Yap\u0131\u015ft\u0131rma \u2013 Yast\u0131k Paket<\/td>\n<\/tr>\n<tr>\n<td width=\"123\">Max. Bobin Geni\u015fli\u011fi:<\/td>\n<td width=\"218\">550 mm Max.<\/td>\n<\/tr>\n<tr>\n<td width=\"123\">Max.Bobin \u00c7ap\u0131:<\/td>\n<td width=\"218\">450 mm Max.<\/td>\n<\/tr>\n<tr>\n<td width=\"123\">Hava \u0130htiyac\u0131:<\/td>\n<td width=\"218\">6 Bar, (MAX 450 Litre\/dak)<\/td>\n<\/tr>\n<tr>\n<td width=\"123\">Uygulamalar:<\/td>\n<td width=\"218\">Su, s\u00fct, meyve suyu, margarin gibi s\u0131v\u0131 ya da yar\u0131 s\u0131v\u0131 \u00fcr\u00fcnler<\/td>\n<\/tr>\n<\/tbody>\n<\/table>\n<p>&nbsp;<\/p>\n","protected":false},"featured_media":6459,"comment_status":"closed","ping_status":"closed","template":"","meta":[],"product_brand":[],"product_cat":[182,180,178],"product_tag":[],"class_list":{"0":"post-7320","1":"product","2":"type-product","3":"status-publish","4":"has-post-thumbnail","6":"product_cat-dikey-dolum-makineleri-tr","7":"product_cat-fabrika-melzemeleri-ve-makinalar-tr","8":"product_cat-paketleme-makineleri-tr","10":"first","11":"instock","12":"shipping-taxable","13":"product-type-simple"},"_links":{"self":[{"href":"https:\/\/alihlas.com\/tr\/wp-json\/wp\/v2\/product\/7320","targetHints":{"allow":["GET"]}}],"collection":[{"href":"https:\/\/alihlas.com\/tr\/wp-json\/wp\/v2\/product"}],"about":[{"href":"https:\/\/alihlas.com\/tr\/wp-json\/wp\/v2\/types\/product"}],"replies":[{"embeddable":true,"href":"https:\/\/alihlas.com\/tr\/wp-json\/wp\/v2\/comments?post=7320"}],"wp:featuredmedia":[{"embeddable":true,"href":"https:\/\/alihlas.com\/tr\/wp-json\/wp\/v2\/media\/6459"}],"wp:attachment":[{"href":"https:\/\/alihlas.com\/tr\/wp-json\/wp\/v2\/media?parent=7320"}],"wp:term":[{"taxonomy":"product_brand","embeddable":true,"href":"https:\/\/alihlas.com\/tr\/wp-json\/wp\/v2\/product_brand?post=7320"},{"taxonomy":"product_cat","embeddable":true,"href":"https:\/\/alihlas.com\/tr\/wp-json\/wp\/v2\/product_cat?post=7320"},{"taxonomy":"product_tag","embeddable":true,"href":"https:\/\/alihlas.com\/tr\/wp-json\/wp\/v2\/product_tag?post=7320"}],"curies":[{"name":"wp","href":"https:\/\/api.w.org\/{rel}","templated":true}]}}