{"id":7324,"date":"2019-08-31T19:00:35","date_gmt":"2019-08-31T19:00:35","guid":{"rendered":"https:\/\/alihlas.com\/newsite\/product\/kolonyali-mendil-makinesi\/"},"modified":"2019-09-25T07:11:52","modified_gmt":"2019-09-25T07:11:52","slug":"kolonyali-mendil-makinesi","status":"publish","type":"product","link":"https:\/\/alihlas.com\/tr\/product\/kolonyali-mendil-makinesi\/","title":{"rendered":"Kolonyal\u0131 Mendil Makinesi"},"content":{"rendered":"","protected":false},"excerpt":{"rendered":"<p>Detayl\u0131 Bilgi<\/p>\n<p>Tam otomatik kolonyal\u0131 mendil makinesi ile tek kullan\u0131ml\u0131k kolanyal\u0131 mendiller \u00fcretilebilmektedir. Restoran, hava yolu, ula\u015f\u0131m ve catering \u015firketleri i\u00e7in son derece uygun maliyetli, h\u0131zl\u0131 ve sa\u011flam bir makinedir. Kolonyal\u0131 mendil makinemiz tamamen otomatik olup, film ka\u011f\u0131d\u0131n\u0131 istenilen boyutta \u00e7eker, i\u00e7erisine konulacak nonwoven i\u00e7 mendili istenilen boyda keser, katlar, ambalaj filminin i\u00e7erisine koyar, istenilen gramajda s\u0131v\u0131y\u0131 haz\u0131rlanm\u0131\u015f pakete ilave eder ve nihai paketi 4 k\u00f6\u015fesinden yap\u0131\u015ft\u0131rarak servise haz\u0131r hale getirir. T\u00fcm bu s\u00fcre\u00e7ler tam senkronize bir \u015fekilde tamamen el de\u011fmeden ger\u00e7ekle\u015fir. Tamamen paslanmaz \u00e7elikten imal edilmi\u015f biz kolonyal\u0131 mendil makinelerinde SIEMENS dokunmatik ekran ve PLC kullan\u0131lmaktad\u0131r. Makine ayarlar\u0131n\u0131n bir \u00e7o\u011fu SIEMENS dokunmatik ekrandann yap\u0131labilmektedir. Makine son derece kullan\u0131c\u0131 dostu bir tasar\u0131ma sahip olup, \u00f6\u011frenmesi ve kullanmas\u0131 kolayd\u0131r. Biz kolonyal\u0131 mendil makinalar\u0131nda 60mm x 60mm, \u00f6l\u00e7\u00fclerinden 150mm x 150mm, \u00f6l\u00e7\u00fclerine kadar mendil \u00fcretilebilir. Hem kolonyal\u0131 mendil eni, hem de boyu ayarlanabilir. S\u0131v\u0131 dolum \u00fcnitesi ile 15 cc\u2019ye kadar s\u0131v\u0131 dolumu yap\u0131labilmektedir. Ayr\u0131ca ilave edilecek s\u0131v\u0131 dolum \u00fcnitesi ile i\u00e7 mendil olmadan sadece s\u0131v\u0131 ve jel haldeki \u00fcr\u00fcnler doldurulabilir. B\u00f6ylece tek kullan\u0131ml\u0131k \u015fampuan, s\u0131v\u0131 sabun gibi \u00fcr\u00fcnlerin de paketlemesi yap\u0131labilir. H\u0131z her ne kadar ambalaj ka\u011f\u0131d\u0131 ve \u00f6l\u00e7\u00fclere g\u00f6re de\u011fi\u015fmekle birlikte dakikada 90 adete kadar \u00e7\u0131kmaktad\u0131r.<\/p>\n<p>Yatay kolonyal\u0131 mendil makineleri ile sadece kolanyal\u0131 mendil de\u011fil, ayr\u0131ca makyaj temizleme mendilleri, g\u00f6zl\u00fck cam\u0131 silme mendili, lens temizleme mendili, hijyenik mendil, makyaj temizleme mendili, aseton \u00e7\u0131karma mendili gibi \u00fcr\u00fcnler de paketlenebilir.<\/p>\n<table>\n<tbody>\n<tr>\n<td colspan=\"2\" width=\"337\">TEKN\u0130K DETAYLARI<\/td>\n<\/tr>\n<tr>\n<td width=\"121\">Kontrol Sistem:<\/td>\n<td width=\"216\">SIEMENS PLC<\/td>\n<\/tr>\n<tr>\n<td width=\"121\">G\u00f6vde:<\/td>\n<td width=\"216\">Paslanmaz \u00c7elik<\/td>\n<\/tr>\n<tr>\n<td rowspan=\"2\" width=\"121\">Paket \u00f6l\u00e7\u00fcleri:<\/p>\n<p>Katlanm\u0131\u015f \u00a0de\u011fil<\/td>\n<td width=\"216\">Min 80*100mm<\/td>\n<\/tr>\n<tr>\n<td width=\"216\">Max 220mm*200mm<\/td>\n<\/tr>\n<tr>\n<td rowspan=\"2\" width=\"121\">Paket \u00f6l\u00e7\u00fcleri:<\/p>\n<p>Katlanm\u0131\u015f<\/td>\n<td width=\"216\">Min 60*60mm<\/td>\n<\/tr>\n<tr>\n<td width=\"216\">Max 120mm*120mm<\/td>\n<\/tr>\n<tr>\n<td rowspan=\"2\" width=\"121\">H\u0131z:<\/td>\n<td width=\"216\">Min75pcs\/min<\/td>\n<\/tr>\n<tr>\n<td width=\"216\">Max90pcs\/min<\/td>\n<\/tr>\n<tr>\n<td width=\"121\">Uygulama:<\/td>\n<td width=\"216\">Bu makine ile her t\u00fcrl\u00fc \u00f6l\u00e7\u00fcde kolonyal\u0131 mendil, makyaz temizleme mendili, kare paket s\u0131v\u0131 sabun, \u015fampuan gibi \u00fcr\u00fcnler tam otomatik olarak el de\u011fmeden paketlenebilir. .<\/td>\n<\/tr>\n<\/tbody>\n<\/table>\n<p>&nbsp;<\/p>\n","protected":false},"featured_media":8170,"comment_status":"closed","ping_status":"closed","template":"","meta":[],"product_brand":[],"product_cat":[180,178,183],"product_tag":[],"class_list":{"0":"post-7324","1":"product","2":"type-product","3":"status-publish","4":"has-post-thumbnail","6":"product_cat-fabrika-melzemeleri-ve-makinalar-tr","7":"product_cat-paketleme-makineleri-tr","8":"product_cat-yatay-dolum-makineleri-tr","10":"first","11":"instock","12":"shipping-taxable","13":"product-type-simple"},"_links":{"self":[{"href":"https:\/\/alihlas.com\/tr\/wp-json\/wp\/v2\/product\/7324","targetHints":{"allow":["GET"]}}],"collection":[{"href":"https:\/\/alihlas.com\/tr\/wp-json\/wp\/v2\/product"}],"about":[{"href":"https:\/\/alihlas.com\/tr\/wp-json\/wp\/v2\/types\/product"}],"replies":[{"embeddable":true,"href":"https:\/\/alihlas.com\/tr\/wp-json\/wp\/v2\/comments?post=7324"}],"wp:featuredmedia":[{"embeddable":true,"href":"https:\/\/alihlas.com\/tr\/wp-json\/wp\/v2\/media\/8170"}],"wp:attachment":[{"href":"https:\/\/alihlas.com\/tr\/wp-json\/wp\/v2\/media?parent=7324"}],"wp:term":[{"taxonomy":"product_brand","embeddable":true,"href":"https:\/\/alihlas.com\/tr\/wp-json\/wp\/v2\/product_brand?post=7324"},{"taxonomy":"product_cat","embeddable":true,"href":"https:\/\/alihlas.com\/tr\/wp-json\/wp\/v2\/product_cat?post=7324"},{"taxonomy":"product_tag","embeddable":true,"href":"https:\/\/alihlas.com\/tr\/wp-json\/wp\/v2\/product_tag?post=7324"}],"curies":[{"name":"wp","href":"https:\/\/api.w.org\/{rel}","templated":true}]}}