{"id":7326,"date":"2019-08-31T18:53:42","date_gmt":"2019-08-31T18:53:42","guid":{"rendered":"https:\/\/alihlas.com\/newsite\/product\/yatay-toz-dolum-makinesi\/"},"modified":"2019-09-25T07:21:31","modified_gmt":"2019-09-25T07:21:31","slug":"yatay-toz-dolum-makinesi","status":"publish","type":"product","link":"https:\/\/alihlas.com\/tr\/product\/yatay-toz-dolum-makinesi\/","title":{"rendered":"Yatay Toz Dolum Makinesi"},"content":{"rendered":"","protected":false},"excerpt":{"rendered":"<p>Detayl\u0131 Bilgi<\/p>\n<p>Kahve kremas\u0131, kahve, toz i\u00e7ecek gibi ak\u0131\u015fkan olmayan toz halindeki \u00fcr\u00fcnler i\u00e7in uygun bir yatay dolum makinesidir. Dolum vidalar arac\u0131l\u0131\u011f\u0131 ile sa\u011flan\u0131r. \u00c7\u0131kan \u00fcr\u00fcn 4 k\u00f6\u015fesinden yap\u0131\u015ft\u0131r\u0131lm\u0131\u015f zarf tipi 4 k\u00f6\u015fe bir pakettir. Paketleme makinesinin \u00f6l\u00e7\u00fcleri istenildi\u011fi \u015fekilde de\u011fi\u015ftirilebilir. Ayn\u0131 \u00fcr\u00fcn dikey kare paket makinelerinde de pakelenebilir. Yatay dolum makinesinin avantaj\u0131 hem dikey makineye g\u00f6re daha simetrik ve d\u00fczg\u00fcn paketlerin ambalajlanmas\u0131, hem de paketin hem eninde hem boyunda istenilen de\u011fi\u015fikliklerin kolayca yap\u0131labilmesidir.<\/p>\n<p>Yatay toz dolum makinesi tamamen paslanmaz olup, SIEMENS PLC ile donat\u0131lm\u0131\u015ft\u0131r. T\u00fcm ayarlar dokunmatik ekrandan kolayca yap\u0131labilmekt<\/p>\n<p>edir. Yatay paketleme makinesinde 50mm x 50mm paket \u00f6l\u00e7\u00fclerinden 150mm x 150mm paket \u00f6l\u00e7\u00fclerine kadar paket al\u0131nabilir. H\u0131z \u00fcr\u00fcn t\u00fcr\u00fcne, ka\u011f\u0131t film kalitesine g\u00f6re de\u011fi\u015fmekle beraber 90 adet\/dak h\u0131za kadar \u00e7\u0131kmaktad\u0131r.<\/p>\n<table>\n<tbody>\n<tr>\n<td colspan=\"2\" width=\"337\">TECHNICAL SPECIFICATIONS<\/td>\n<\/tr>\n<tr>\n<td width=\"121\">Kontrol Sistem:<\/td>\n<td width=\"216\">PLC \u2013 Dokunmatik Ekran<\/td>\n<\/tr>\n<tr>\n<td width=\"121\">G\u00f6vde:<\/td>\n<td width=\"216\">304 paslanmaz \u00e7elik<\/td>\n<\/tr>\n<tr>\n<td rowspan=\"2\" width=\"121\">Paket \u00f6l\u00e7\u00fcler:<\/td>\n<td width=\"216\">Min 60*60mm<\/td>\n<\/tr>\n<tr>\n<td width=\"216\">Max 120mm*120mm<\/td>\n<\/tr>\n<tr>\n<td rowspan=\"2\" width=\"121\">H\u0131z:<\/td>\n<td width=\"216\">Min75pcs\/min<\/td>\n<\/tr>\n<tr>\n<td width=\"216\">Max90pcs\/min<\/td>\n<\/tr>\n<tr>\n<td width=\"121\">Uygulama:<\/td>\n<td width=\"216\">Bu makine 4 k\u00f6\u015fe kenarlar\u0131ndan yap\u0131\u015ft\u0131r\u0131lm\u0131\u015f sachet paketlerin i\u00e7erisine toz haldeki \u00fcr\u00fcnleri paketlemek i\u00e7in uygundur. Kahve kremas\u0131, maya, kahve, toz i\u00e7ecek gibi \u00fcr\u00fcnlerin dolumu i\u00e7in uygundur.<\/td>\n<\/tr>\n<\/tbody>\n<\/table>\n<p>&nbsp;<\/p>\n","protected":false},"featured_media":6399,"comment_status":"closed","ping_status":"closed","template":"","meta":[],"product_brand":[],"product_cat":[180,178,183],"product_tag":[],"class_list":{"0":"post-7326","1":"product","2":"type-product","3":"status-publish","4":"has-post-thumbnail","6":"product_cat-fabrika-melzemeleri-ve-makinalar-tr","7":"product_cat-paketleme-makineleri-tr","8":"product_cat-yatay-dolum-makineleri-tr","10":"first","11":"instock","12":"shipping-taxable","13":"product-type-simple"},"_links":{"self":[{"href":"https:\/\/alihlas.com\/tr\/wp-json\/wp\/v2\/product\/7326","targetHints":{"allow":["GET"]}}],"collection":[{"href":"https:\/\/alihlas.com\/tr\/wp-json\/wp\/v2\/product"}],"about":[{"href":"https:\/\/alihlas.com\/tr\/wp-json\/wp\/v2\/types\/product"}],"replies":[{"embeddable":true,"href":"https:\/\/alihlas.com\/tr\/wp-json\/wp\/v2\/comments?post=7326"}],"wp:featuredmedia":[{"embeddable":true,"href":"https:\/\/alihlas.com\/tr\/wp-json\/wp\/v2\/media\/6399"}],"wp:attachment":[{"href":"https:\/\/alihlas.com\/tr\/wp-json\/wp\/v2\/media?parent=7326"}],"wp:term":[{"taxonomy":"product_brand","embeddable":true,"href":"https:\/\/alihlas.com\/tr\/wp-json\/wp\/v2\/product_brand?post=7326"},{"taxonomy":"product_cat","embeddable":true,"href":"https:\/\/alihlas.com\/tr\/wp-json\/wp\/v2\/product_cat?post=7326"},{"taxonomy":"product_tag","embeddable":true,"href":"https:\/\/alihlas.com\/tr\/wp-json\/wp\/v2\/product_tag?post=7326"}],"curies":[{"name":"wp","href":"https:\/\/api.w.org\/{rel}","templated":true}]}}