{"id":7657,"date":"2019-08-23T04:48:58","date_gmt":"2019-08-23T04:48:58","guid":{"rendered":"https:\/\/alihlas.com\/newsite\/product\/ogretmen-masalari-a7096\/"},"modified":"2019-09-06T22:00:40","modified_gmt":"2019-09-06T22:00:40","slug":"ogretmen-masalari-a7096","status":"publish","type":"product","link":"https:\/\/alihlas.com\/tr\/product\/ogretmen-masalari-a7096\/","title":{"rendered":"\u00d6\u011fretmen Masalar\u0131 &#8211; A7096"},"content":{"rendered":"","protected":false},"excerpt":{"rendered":"","protected":false},"featured_media":4246,"comment_status":"closed","ping_status":"closed","template":"","meta":[],"product_brand":[],"product_cat":[206,198,200],"product_tag":[],"class_list":{"0":"post-7657","1":"product","2":"type-product","3":"status-publish","4":"has-post-thumbnail","6":"product_cat-ogretmen-masalari-tr","7":"product_cat-okul-ve-universite-tr","8":"product_cat-okul-ve-universite-melzemeleri-tr","10":"first","11":"instock","12":"shipping-taxable","13":"product-type-simple"},"_links":{"self":[{"href":"https:\/\/alihlas.com\/tr\/wp-json\/wp\/v2\/product\/7657","targetHints":{"allow":["GET"]}}],"collection":[{"href":"https:\/\/alihlas.com\/tr\/wp-json\/wp\/v2\/product"}],"about":[{"href":"https:\/\/alihlas.com\/tr\/wp-json\/wp\/v2\/types\/product"}],"replies":[{"embeddable":true,"href":"https:\/\/alihlas.com\/tr\/wp-json\/wp\/v2\/comments?post=7657"}],"wp:featuredmedia":[{"embeddable":true,"href":"https:\/\/alihlas.com\/tr\/wp-json\/wp\/v2\/media\/4246"}],"wp:attachment":[{"href":"https:\/\/alihlas.com\/tr\/wp-json\/wp\/v2\/media?parent=7657"}],"wp:term":[{"taxonomy":"product_brand","embeddable":true,"href":"https:\/\/alihlas.com\/tr\/wp-json\/wp\/v2\/product_brand?post=7657"},{"taxonomy":"product_cat","embeddable":true,"href":"https:\/\/alihlas.com\/tr\/wp-json\/wp\/v2\/product_cat?post=7657"},{"taxonomy":"product_tag","embeddable":true,"href":"https:\/\/alihlas.com\/tr\/wp-json\/wp\/v2\/product_tag?post=7657"}],"curies":[{"name":"wp","href":"https:\/\/api.w.org\/{rel}","templated":true}]}}