{"id":7681,"date":"2019-08-20T16:54:22","date_gmt":"2019-08-20T16:54:22","guid":{"rendered":"https:\/\/alihlas.com\/newsite\/product\/isci-ofisi-a2089\/"},"modified":"2019-09-06T22:06:33","modified_gmt":"2019-09-06T22:06:33","slug":"isci-ofisi-a2089","status":"publish","type":"product","link":"https:\/\/alihlas.com\/tr\/product\/isci-ofisi-a2089\/","title":{"rendered":"\u0130\u015f\u00e7i ofisi &#8211; A2089"},"content":{"rendered":"","protected":false},"excerpt":{"rendered":"","protected":false},"featured_media":4164,"comment_status":"closed","ping_status":"closed","template":"","meta":[],"product_brand":[],"product_cat":[209,207,200],"product_tag":[],"class_list":{"0":"post-7681","1":"product","2":"type-product","3":"status-publish","4":"has-post-thumbnail","6":"product_cat-isci-ofisleri-tr","7":"product_cat-ofis-malzemeleri-tr","8":"product_cat-okul-ve-universite-melzemeleri-tr","10":"first","11":"instock","12":"shipping-taxable","13":"product-type-simple"},"_links":{"self":[{"href":"https:\/\/alihlas.com\/tr\/wp-json\/wp\/v2\/product\/7681","targetHints":{"allow":["GET"]}}],"collection":[{"href":"https:\/\/alihlas.com\/tr\/wp-json\/wp\/v2\/product"}],"about":[{"href":"https:\/\/alihlas.com\/tr\/wp-json\/wp\/v2\/types\/product"}],"replies":[{"embeddable":true,"href":"https:\/\/alihlas.com\/tr\/wp-json\/wp\/v2\/comments?post=7681"}],"wp:featuredmedia":[{"embeddable":true,"href":"https:\/\/alihlas.com\/tr\/wp-json\/wp\/v2\/media\/4164"}],"wp:attachment":[{"href":"https:\/\/alihlas.com\/tr\/wp-json\/wp\/v2\/media?parent=7681"}],"wp:term":[{"taxonomy":"product_brand","embeddable":true,"href":"https:\/\/alihlas.com\/tr\/wp-json\/wp\/v2\/product_brand?post=7681"},{"taxonomy":"product_cat","embeddable":true,"href":"https:\/\/alihlas.com\/tr\/wp-json\/wp\/v2\/product_cat?post=7681"},{"taxonomy":"product_tag","embeddable":true,"href":"https:\/\/alihlas.com\/tr\/wp-json\/wp\/v2\/product_tag?post=7681"}],"curies":[{"name":"wp","href":"https:\/\/api.w.org\/{rel}","templated":true}]}}