{"id":7686,"date":"2019-08-20T16:47:13","date_gmt":"2019-08-20T16:47:13","guid":{"rendered":"https:\/\/alihlas.com\/newsite\/product\/toplanti-siralari-a3100\/"},"modified":"2019-09-06T22:09:20","modified_gmt":"2019-09-06T22:09:20","slug":"toplanti-siralari-a3100","status":"publish","type":"product","link":"https:\/\/alihlas.com\/tr\/product\/toplanti-siralari-a3100\/","title":{"rendered":"Toplant\u0131 S\u0131ralar\u0131 \u2013 A3100"},"content":{"rendered":"","protected":false},"excerpt":{"rendered":"","protected":false},"featured_media":4149,"comment_status":"closed","ping_status":"closed","template":"","meta":[],"product_brand":[],"product_cat":[207,200,210],"product_tag":[],"class_list":{"0":"post-7686","1":"product","2":"type-product","3":"status-publish","4":"has-post-thumbnail","6":"product_cat-ofis-malzemeleri-tr","7":"product_cat-okul-ve-universite-melzemeleri-tr","8":"product_cat-toplanti-siralari-tr","10":"first","11":"instock","12":"shipping-taxable","13":"product-type-simple"},"_links":{"self":[{"href":"https:\/\/alihlas.com\/tr\/wp-json\/wp\/v2\/product\/7686","targetHints":{"allow":["GET"]}}],"collection":[{"href":"https:\/\/alihlas.com\/tr\/wp-json\/wp\/v2\/product"}],"about":[{"href":"https:\/\/alihlas.com\/tr\/wp-json\/wp\/v2\/types\/product"}],"replies":[{"embeddable":true,"href":"https:\/\/alihlas.com\/tr\/wp-json\/wp\/v2\/comments?post=7686"}],"wp:featuredmedia":[{"embeddable":true,"href":"https:\/\/alihlas.com\/tr\/wp-json\/wp\/v2\/media\/4149"}],"wp:attachment":[{"href":"https:\/\/alihlas.com\/tr\/wp-json\/wp\/v2\/media?parent=7686"}],"wp:term":[{"taxonomy":"product_brand","embeddable":true,"href":"https:\/\/alihlas.com\/tr\/wp-json\/wp\/v2\/product_brand?post=7686"},{"taxonomy":"product_cat","embeddable":true,"href":"https:\/\/alihlas.com\/tr\/wp-json\/wp\/v2\/product_cat?post=7686"},{"taxonomy":"product_tag","embeddable":true,"href":"https:\/\/alihlas.com\/tr\/wp-json\/wp\/v2\/product_tag?post=7686"}],"curies":[{"name":"wp","href":"https:\/\/api.w.org\/{rel}","templated":true}]}}