{"id":7697,"date":"2019-08-20T16:34:23","date_gmt":"2019-08-20T16:34:23","guid":{"rendered":"https:\/\/alihlas.com\/newsite\/product\/toplanti-siralari-a3089\/"},"modified":"2019-09-06T22:11:02","modified_gmt":"2019-09-06T22:11:02","slug":"toplanti-siralari-a3089","status":"publish","type":"product","link":"https:\/\/alihlas.com\/tr\/product\/toplanti-siralari-a3089\/","title":{"rendered":"Toplant\u0131 S\u0131ralar\u0131 \u2013 A3089"},"content":{"rendered":"","protected":false},"excerpt":{"rendered":"","protected":false},"featured_media":4116,"comment_status":"closed","ping_status":"closed","template":"","meta":[],"product_brand":[],"product_cat":[207,200,210],"product_tag":[],"class_list":{"0":"post-7697","1":"product","2":"type-product","3":"status-publish","4":"has-post-thumbnail","6":"product_cat-ofis-malzemeleri-tr","7":"product_cat-okul-ve-universite-melzemeleri-tr","8":"product_cat-toplanti-siralari-tr","10":"first","11":"instock","12":"shipping-taxable","13":"product-type-simple"},"_links":{"self":[{"href":"https:\/\/alihlas.com\/tr\/wp-json\/wp\/v2\/product\/7697","targetHints":{"allow":["GET"]}}],"collection":[{"href":"https:\/\/alihlas.com\/tr\/wp-json\/wp\/v2\/product"}],"about":[{"href":"https:\/\/alihlas.com\/tr\/wp-json\/wp\/v2\/types\/product"}],"replies":[{"embeddable":true,"href":"https:\/\/alihlas.com\/tr\/wp-json\/wp\/v2\/comments?post=7697"}],"wp:featuredmedia":[{"embeddable":true,"href":"https:\/\/alihlas.com\/tr\/wp-json\/wp\/v2\/media\/4116"}],"wp:attachment":[{"href":"https:\/\/alihlas.com\/tr\/wp-json\/wp\/v2\/media?parent=7697"}],"wp:term":[{"taxonomy":"product_brand","embeddable":true,"href":"https:\/\/alihlas.com\/tr\/wp-json\/wp\/v2\/product_brand?post=7697"},{"taxonomy":"product_cat","embeddable":true,"href":"https:\/\/alihlas.com\/tr\/wp-json\/wp\/v2\/product_cat?post=7697"},{"taxonomy":"product_tag","embeddable":true,"href":"https:\/\/alihlas.com\/tr\/wp-json\/wp\/v2\/product_tag?post=7697"}],"curies":[{"name":"wp","href":"https:\/\/api.w.org\/{rel}","templated":true}]}}